{"id":554,"date":"2018-04-01T14:11:01","date_gmt":"2018-04-01T12:11:01","guid":{"rendered":"http:\/\/www.zohumpolec.cz\/?page_id=554"},"modified":"2023-04-11T16:49:20","modified_gmt":"2023-04-11T14:49:20","slug":"vybor-zo","status":"publish","type":"page","link":"https:\/\/www.zohumpolec.cz\/?page_id=554","title":{"rendered":"V\u00fdbor ZO"},"content":{"rendered":"<p><strong>Stanislav BRDE\u010cKA<\/strong> \u2013 p\u0159edseda<br \/>\n<strong>Jan HROCH<\/strong> \u2013 m\u00edstop\u0159edseda<br \/>\n<strong>Martin M\u011aSKA<\/strong> \u2013 jednatel<br \/>\n<strong>\u0160\u00e1rka KR\u010cILOV\u00c1<\/strong> \u2013 pokladn\u00ed<br \/>\n<strong>Viktor EICHLER<\/strong> \u2013 \u010dlen v\u00fdboru<\/p>\n","protected":false},"excerpt":{"rendered":"<p>Stanislav BRDE\u010cKA \u2013 p\u0159edseda Jan HROCH \u2013 m\u00edstop\u0159edseda Martin M\u011aSKA \u2013 jednatel \u0160\u00e1rka KR\u010cILOV\u00c1 \u2013 pokladn\u00ed Viktor EICHLER \u2013 \u010dlen v\u00fdboru<\/p>\n","protected":false},"author":1,"featured_media":0,"parent":0,"menu_order":0,"comment_status":"closed","ping_status":"closed","template":"","meta":{"footnotes":""},"_links":{"self":[{"href":"https:\/\/www.zohumpolec.cz\/index.php?rest_route=\/wp\/v2\/pages\/554"}],"collection":[{"href":"https:\/\/www.zohumpolec.cz\/index.php?rest_route=\/wp\/v2\/pages"}],"about":[{"href":"https:\/\/www.zohumpolec.cz\/index.php?rest_route=\/wp\/v2\/types\/page"}],"author":[{"embeddable":true,"href":"https:\/\/www.zohumpolec.cz\/index.php?rest_route=\/wp\/v2\/users\/1"}],"replies":[{"embeddable":true,"href":"https:\/\/www.zohumpolec.cz\/index.php?rest_route=%2Fwp%2Fv2%2Fcomments&post=554"}],"version-history":[{"count":3,"href":"https:\/\/www.zohumpolec.cz\/index.php?rest_route=\/wp\/v2\/pages\/554\/revisions"}],"predecessor-version":[{"id":1179,"href":"https:\/\/www.zohumpolec.cz\/index.php?rest_route=\/wp\/v2\/pages\/554\/revisions\/1179"}],"wp:attachment":[{"href":"https:\/\/www.zohumpolec.cz\/index.php?rest_route=%2Fwp%2Fv2%2Fmedia&parent=554"}],"curies":[{"name":"wp","href":"https:\/\/api.w.org\/{rel}","templated":true}]}}