{"id":419,"date":"2015-06-17T09:59:08","date_gmt":"2015-06-17T07:59:08","guid":{"rendered":"http:\/\/www.zohumpolec.cz\/?page_id=419"},"modified":"2017-02-21T10:08:16","modified_gmt":"2017-02-21T08:08:16","slug":"vystavy","status":"publish","type":"page","link":"https:\/\/www.zohumpolec.cz\/?page_id=419","title":{"rendered":"V\u00fdstavy"},"content":{"rendered":"<h4 style=\"font-size: 13px;\">HUMPOLECK\u00c1 V\u00ddSTAVA 2017 se uskute\u010dn\u00ed v term\u00ednu\u00a0<strong>26. &#8211; 27.8.2017<\/strong>.<\/h4>\n<h4 style=\"font-size: 13px;\"><span style=\"text-decoration: underline;\">Seznam dal\u0161\u00edch v\u00fdstav na okrese Pelh\u0159imov:<\/span><br \/>\n30.4. \u2013 1.5. 2017 Kamenice nad Lipou<br \/>\n10.6. 2017 Pelh\u0159imov \u2013 propaga\u010dn\u00ed v\u00fdstava<br \/>\n17.6. 2017 Pacov \u2013 MCH<br \/>\n19.8. \u2013 20.8. 2017 \u017dirovnice<br \/>\n9.9. \u2013 10.9. 2017 Pelh\u0159imov<br \/>\n30.9. \u2013 1. 10. 2017 Pacov<\/h4>\n<h4 style=\"font-size: 13px;\"><span style=\"text-decoration: underline;\"><span style=\"color: #ff0000;\">V\u00ddSTAVA 2016:<br \/>\n<\/span><\/span><a href=\"http:\/\/www.zohumpolec.cz\/wp-content\/uploads\/2011\/03\/Katalog_2016.pdf\"><strong>Kompletn\u00ed katalog v\u010detn\u011b v\u00fdsledk\u016f<\/strong> &#8211; klikn\u011bte sem (otev\u0159e se PDF soubor)<\/a><\/h4>\n<h4 style=\"font-size: 13px;\"><\/h4>\n<h4 style=\"font-size: 13px;\"><span style=\"text-decoration: underline;\"><span style=\"color: #ff0000;\">V\u00ddSTAVA 2015:<br \/>\n<\/span><\/span><a href=\"http:\/\/www.zohumpolec.cz\/wp-content\/uploads\/2011\/03\/Katalog_2015.pdf\"><strong>Kompletn\u00ed katalog v\u010detn\u011b v\u00fdsledk\u016f<\/strong> &#8211; klikn\u011bte sem (otev\u0159e se PDF soubor)<\/a><\/h4>\n<h4 style=\"font-size: 13px;\"><span style=\"text-decoration: underline;\"><span style=\"color: #ff0000;\">V\u00ddSLEDKY 2014:<br \/>\n<\/span><\/span><a href=\"http:\/\/www.zohumpolec.cz\/wp-content\/uploads\/2011\/03\/01seznam_vystavovatelu.pdf\" target=\"_blank\"><strong>Seznam vystavovatel\u016f<\/strong>\u00a0&#8211; klikn\u011bte sem (otev\u0159e se PDF soubor)<br \/>\n<\/a><a href=\"http:\/\/www.zohumpolec.cz\/wp-content\/uploads\/2011\/03\/02seznam_sponzoru.pdf\" target=\"_blank\"><strong>Seznam sponzor\u016f<\/strong>\u00a0&#8211; klikn\u011bte sem (otev\u0159e se PDF soubor)<br \/>\n<\/a><a href=\"http:\/\/www.zohumpolec.cz\/wp-content\/uploads\/2011\/03\/03kralici.pdf\" target=\"_blank\"><strong>Kr\u00e1l\u00edci<\/strong>\u00a0&#8211; klikn\u011bte sem (otev\u0159e se PDF soubor)<br \/>\n<\/a><a href=\"http:\/\/www.zohumpolec.cz\/wp-content\/uploads\/2011\/03\/04drubez.pdf\" target=\"_blank\"><strong>Dr\u016fbe\u017e<\/strong>\u00a0&#8211; klikn\u011bte sem (otev\u0159e se PDF soubor)<br \/>\n<\/a><a href=\"http:\/\/www.zohumpolec.cz\/wp-content\/uploads\/2011\/03\/05holubi.pdf\" target=\"_blank\"><strong>Holubi<\/strong>\u00a0&#8211; klikn\u011bte sem (otev\u0159e se PDF soubor)<\/a><\/h4>\n<h4 style=\"font-size: 13px;\"><span style=\"text-decoration: underline;\"><span style=\"color: #ff0000; text-decoration: underline;\">V\u00ddSLEDKY 2013:<br \/>\n<\/span><\/span><span style=\"color: #000000;\"><a style=\"color: #000000;\" href=\"http:\/\/www.zohumpolec.cz\/wp-content\/uploads\/2011\/03\/2013_drubez.pdf\" target=\"_blank\">Dr\u016fbe\u017e (klikn\u011bte\u00a0sem<\/a><span style=\"font-weight: normal; font-size: 1em;\">\u00a0&#8211; otev\u0159e se soubor PDF v nov\u00e9 z\u00e1lo\u017ece)<\/span><span style=\"text-decoration: underline;\"><span style=\"font-weight: normal; font-size: 1em;\"><br \/>\n<\/span><\/span><a style=\"color: #000000;\" href=\"http:\/\/www.zohumpolec.cz\/wp-content\/uploads\/2011\/03\/2013_holubi.pdf\" target=\"_blank\">Holubi (klikn\u011bte\u00a0sem<\/a><span style=\"font-weight: normal; font-size: 1em;\">\u00a0&#8211; otev\u0159e se soubor PDF v nov\u00e9 z\u00e1lo\u017ece)<br \/>\n<\/span><span style=\"font-weight: normal;\"><strong><a style=\"color: #000000;\" href=\"http:\/\/www.zohumpolec.cz\/wp-content\/uploads\/2011\/03\/2013_kralici.pdf\" target=\"_blank\">Kr\u00e1l\u00edci (klikn\u011bte sem<\/a><\/strong>\u00a0&#8211; otev\u0159e se soubor PDF v nov\u00e9 z\u00e1lo\u017ece)<\/span><span style=\"font-weight: normal;\">\u00a0<\/span><\/span><\/h4>\n","protected":false},"excerpt":{"rendered":"<p>HUMPOLECK\u00c1 V\u00ddSTAVA 2017 se uskute\u010dn\u00ed v term\u00ednu\u00a026. &#8211; 27.8.2017. Seznam dal\u0161\u00edch v\u00fdstav na okrese Pelh\u0159imov: 30.4. \u2013 1.5. 2017 Kamenice nad Lipou 10.6. 2017 Pelh\u0159imov \u2013 propaga\u010dn\u00ed v\u00fdstava 17.6. 2017 Pacov \u2013 MCH 19.8. \u2013 20.8. 2017 \u017dirovnice 9.9. \u2013 10.9. 2017 Pelh\u0159imov 30.9. \u2013 1. 10. 2017 Pacov V\u00ddSTAVA 2016: Kompletn\u00ed katalog v\u010detn\u011b v\u00fdsledk\u016f [&hellip;]<\/p>\n","protected":false},"author":1,"featured_media":0,"parent":0,"menu_order":0,"comment_status":"closed","ping_status":"closed","template":"","meta":{"footnotes":""},"_links":{"self":[{"href":"https:\/\/www.zohumpolec.cz\/index.php?rest_route=\/wp\/v2\/pages\/419"}],"collection":[{"href":"https:\/\/www.zohumpolec.cz\/index.php?rest_route=\/wp\/v2\/pages"}],"about":[{"href":"https:\/\/www.zohumpolec.cz\/index.php?rest_route=\/wp\/v2\/types\/page"}],"author":[{"embeddable":true,"href":"https:\/\/www.zohumpolec.cz\/index.php?rest_route=\/wp\/v2\/users\/1"}],"replies":[{"embeddable":true,"href":"https:\/\/www.zohumpolec.cz\/index.php?rest_route=%2Fwp%2Fv2%2Fcomments&post=419"}],"version-history":[{"count":12,"href":"https:\/\/www.zohumpolec.cz\/index.php?rest_route=\/wp\/v2\/pages\/419\/revisions"}],"predecessor-version":[{"id":500,"href":"https:\/\/www.zohumpolec.cz\/index.php?rest_route=\/wp\/v2\/pages\/419\/revisions\/500"}],"wp:attachment":[{"href":"https:\/\/www.zohumpolec.cz\/index.php?rest_route=%2Fwp%2Fv2%2Fmedia&parent=419"}],"curies":[{"name":"wp","href":"https:\/\/api.w.org\/{rel}","templated":true}]}}