{"id":114,"date":"2011-04-04T12:26:02","date_gmt":"2011-04-04T10:26:02","guid":{"rendered":"http:\/\/www.zohumpolec.cz\/?page_id=114"},"modified":"2023-05-01T11:51:31","modified_gmt":"2023-05-01T09:51:31","slug":"114-2","status":"publish","type":"page","link":"https:\/\/www.zohumpolec.cz\/?page_id=114","title":{"rendered":"\u010clenov\u00e9"},"content":{"rendered":"<table>\n<tbody>\n<tr>\n<td width=\"208\"><strong>Chovatel<\/strong><\/td>\n<td width=\"482\"><strong>Zv\u00ed\u0159ata<\/strong><\/td>\n<\/tr>\n<tr>\n<td width=\"208\"><strong>B\u00edm Ji\u0159\u00ed<\/strong><\/td>\n<td width=\"482\">&nbsp;<\/td>\n<\/tr>\n<tr>\n<td width=\"208\"><strong>Brde\u010dka Stanislav<\/strong> \u2013 p\u0159edseda<\/td>\n<td width=\"482\"><strong>kr\u00e1l\u00edci <\/strong>\u2013 siamsk\u00fd velk\u00fd \u017elut\u00fd<\/p>\n<p><strong>holubi<\/strong> \u2013 slovesk\u00fd vol\u00e1\u010d \u010dern\u00fd, \u010derven\u00fd<\/p>\n<p><strong>dr\u016fbe\u017e<\/strong> \u2013 hemp\u0161\u00edrka<\/td>\n<\/tr>\n<tr>\n<td width=\"208\"><strong>\u010cech Stanislav<\/strong><\/td>\n<td width=\"482\"><strong>dr\u016fbe\u017e<\/strong> \u2013 zdr. velsumka rezav\u011b koroptv\u00ed<\/p>\n<p><strong>holubi<\/strong> \u2013 moravsk\u00fd p\u0161tros \u010dern\u00fd<\/td>\n<\/tr>\n<tr>\n<td width=\"208\"><strong>David Pavel<\/strong><\/td>\n<td width=\"482\"><strong>kr\u00e1l\u00edci<\/strong> \u2013 \u010din\u010dila velk\u00e1<\/td>\n<\/tr>\n<tr>\n<td width=\"208\"><strong>David V\u00e1clav<\/strong><\/td>\n<td width=\"482\"><strong>kr\u00e1l\u00edci<\/strong> \u2013 meklenbursk\u00fd strak\u00e1\u010d \u010derven\u00fd<\/td>\n<\/tr>\n<tr>\n<td width=\"208\"><strong>Drahozal Marek<\/strong><\/td>\n<td width=\"482\">&nbsp;<\/td>\n<\/tr>\n<tr>\n<td width=\"208\"><strong>Dygr\u00fdn Jaroslav<\/strong><\/td>\n<td width=\"482\">&nbsp;<\/td>\n<\/tr>\n<tr>\n<td width=\"208\"><strong>Dygr\u00fdnov\u00e1 Olga<\/strong><\/td>\n<td width=\"482\"><strong>dr\u016fbe\u017e<\/strong> \u2013 vla\u0161ka koroptv\u00ed, zakrsl\u00e1 rousn\u00e1 trojbarevn\u00e1<\/td>\n<\/tr>\n<tr>\n<td width=\"208\"><strong>Eichler Viktor<\/strong><\/td>\n<td width=\"482\"><strong>kr\u00e1l\u00edci<\/strong> \u2013 siamsk\u00fd velk\u00fd \u017elut\u00fd, velk\u00fd sv\u011btl\u00fd st\u0159\u00edb\u0159it\u00fd, novoz\u00e9landsk\u00fd \u010derven\u00fd<\/p>\n<p><strong>dr\u016fbe\u017e <\/strong>\u2013 amroksky, zdr. holan\u010fanka \u010dern\u00e1 a modr\u00e1 s lemy<\/p>\n<p><strong>holubi<\/strong> \u2013 moravsk\u00fd b\u011blohl\u00e1vek \u010dern\u00fd, \u017elut\u00fd, tmav\u00fd, modr\u00fd kaprat\u00fd, \u010desk\u00fd stav\u00e1k \u017elut\u00fd b\u011blokos\u00fd<\/p>\n<p><strong>exoti<\/strong> \u2013 papou\u0161ek vlnkovan\u00fd<\/td>\n<\/tr>\n<tr>\n<td width=\"208\"><strong>Folejtar Josef<\/strong><\/td>\n<td width=\"482\"><strong>dr\u016fbe\u017e<\/strong> \u2013 zdr. barneveldka dvojlemovan\u00e1, zdr. velsumka rezav\u011b koroptv\u00ed<\/p>\n<p><strong>holubi<\/strong> \u2013 moravsk\u00fd p\u0161tros \u010dern\u00fd \u0161upinat\u00fd<\/td>\n<\/tr>\n<tr>\n<td width=\"208\"><strong>Gr\u00e9grov\u00e1 Ad\u00e9la<\/strong><\/td>\n<td width=\"482\">&nbsp;<\/td>\n<\/tr>\n<tr>\n<td width=\"208\"><strong>Havlov\u00e1 Marie<\/strong><\/td>\n<td width=\"482\">&nbsp;<\/td>\n<\/tr>\n<tr>\n<td width=\"208\"><strong>Hroch Jan <\/strong>\u2013 m\u00edstop\u0159edseda<\/td>\n<td width=\"482\"><strong>kr\u00e1l\u00edci<\/strong> \u2013 belgick\u00fd obr b\u00edl\u00fd \u010dervenook\u00fd, st\u0159\u00edb\u0159it\u00fd \u010dern\u00fd<\/td>\n<\/tr>\n<tr>\n<td width=\"208\"><strong>Hrube\u0161 Rudolf<\/strong><\/td>\n<td width=\"482\"><strong>kr\u00e1l\u00edci<\/strong> \u2013 burgundsk\u00fd, kalifornsk\u00fd \u010dern\u00fd, novoz\u00e9landk\u00fd \u010derven\u00fd<\/p>\n<p><strong>dr\u016fbe\u017e<\/strong> \u2013 vla\u0161ka koroptv\u00ed<\/td>\n<\/tr>\n<tr>\n<td width=\"208\"><strong>H\u016fla Jan<\/strong><\/td>\n<td width=\"482\">&nbsp;<\/td>\n<\/tr>\n<tr>\n<td width=\"208\"><strong>Jirml Michal<\/strong><\/td>\n<td width=\"482\">&nbsp;<\/td>\n<\/tr>\n<tr>\n<td width=\"208\"><strong>Kr\u010dilov\u00e1 \u0160\u00e1rka <\/strong>\u2013 pokladn\u00ed<\/td>\n<td width=\"482\"><strong>kr\u00e1l\u00edci <\/strong>\u2013 v\u00edde\u0148sk\u00fd \u010dern\u00fd<\/td>\n<\/tr>\n<tr>\n<td width=\"208\"><strong>M\u00e1cha Jan<\/strong><\/td>\n<td width=\"482\">&nbsp;<\/td>\n<\/tr>\n<tr>\n<td width=\"208\"><strong>Machek Jakub<\/strong><\/td>\n<td width=\"482\">&nbsp;<\/td>\n<\/tr>\n<tr>\n<td width=\"208\"><strong>M\u011bska Martin <\/strong>\u2013 jednatel<\/td>\n<td width=\"482\"><strong>kr\u00e1l\u00edci<\/strong> \u2013 kalifornsk\u00fd \u010dern\u00fd, v\u00edde\u0148sk\u00fd \u010dern\u00fd<\/p>\n<p><strong>dr\u016fbe\u017e<\/strong> \u2013 vla\u0161ka st\u0159\u00edbrn\u00e1, zdr. vyandotka st\u0159\u00edbrn\u011b koroptv\u00ed vlnit\u00e1<\/td>\n<\/tr>\n<tr>\n<td width=\"208\"><strong>N\u011bmcov\u00e1 Celia<\/strong><\/td>\n<td width=\"482\">&nbsp;<\/td>\n<\/tr>\n<tr>\n<td width=\"208\"><strong>Nov\u00e1k Tom\u00e1\u0161<\/strong><\/td>\n<td width=\"482\"><strong>kr\u00e1l\u00edci <\/strong>\u2013 kalifornsk\u00fd \u010dern\u00fd<\/td>\n<\/tr>\n<tr>\n<td width=\"208\"><strong>Pecha Josef<\/strong><\/td>\n<td width=\"482\"><strong>holubi<\/strong> \u2013 pomo\u0159ansk\u00fd vol\u00e1\u010d b\u00edl\u00fd, brn\u011bnsk\u00fd vol\u00e1\u010d b\u00edl\u00fd, \u010desk\u00fd stav\u00e1k st\u0159\u00edbrn\u00fd sedlat\u00fd<\/p>\n<p><strong>dr\u016fbe\u017e<\/strong> \u2013 zdr. velsumka rezav\u011b koroptv\u00ed<\/p>\n<p><strong>exoti <\/strong>\u2013 barevn\u00ed kan\u00e1\u0159i<\/td>\n<\/tr>\n<tr>\n<td width=\"208\"><strong>Pikal Franti\u0161ek<\/strong><\/td>\n<td width=\"482\"><strong>holubi <\/strong>\u2013 \u010desk\u00fd stav\u00e1k \u010dern\u00fd sedlat\u00fd<\/td>\n<\/tr>\n<tr>\n<td width=\"208\"><strong>P\u0159\u00edhoda Pavel<\/strong><\/td>\n<td width=\"482\">&nbsp;<\/td>\n<\/tr>\n<tr>\n<td width=\"208\"><strong>Stehno Josef<\/strong><\/td>\n<td width=\"482\"><strong>kr\u00e1l\u00edci<\/strong> \u2013 kalifornsk\u00fd \u010dern\u00fd<\/p>\n<p><strong>holubi<\/strong> \u2013 texan<\/td>\n<\/tr>\n<tr>\n<td width=\"208\"><strong>Tom\u00e1\u0161ek Josef<\/strong><\/td>\n<td width=\"482\"><strong>kr\u00e1l\u00edci <\/strong>\u2013 belgick\u00fd obr b\u00edl\u00fd modrook\u00fd<\/td>\n<\/tr>\n<tr>\n<td width=\"208\"><strong>\u017d\u00e1\u010dek Ladislav<\/strong><\/td>\n<td width=\"482\"><strong>kr\u00e1l\u00edci<\/strong> \u2013 \u010desk\u00fd alb\u00edn<\/p>\n<p><strong>dr\u016fbe\u017e<\/strong> \u2013 australka \u010dern\u00e1<\/p>\n<p><strong>holubi<\/strong> \u2013 \u010desk\u00e1 \u010dejka rousn\u00e1 \u010dern\u00e1 \u0161upkat\u00e1<\/td>\n<\/tr>\n<\/tbody>\n<\/table>\n<p>&nbsp;<\/p>\n","protected":false},"excerpt":{"rendered":"<p>Chovatel Zv\u00ed\u0159ata B\u00edm Ji\u0159\u00ed &nbsp; Brde\u010dka Stanislav \u2013 p\u0159edseda kr\u00e1l\u00edci \u2013 siamsk\u00fd velk\u00fd \u017elut\u00fd holubi \u2013 slovesk\u00fd vol\u00e1\u010d \u010dern\u00fd, \u010derven\u00fd dr\u016fbe\u017e \u2013 hemp\u0161\u00edrka \u010cech Stanislav dr\u016fbe\u017e \u2013 zdr. velsumka rezav\u011b koroptv\u00ed holubi \u2013 moravsk\u00fd p\u0161tros \u010dern\u00fd David Pavel kr\u00e1l\u00edci \u2013 \u010din\u010dila velk\u00e1 David V\u00e1clav kr\u00e1l\u00edci \u2013 meklenbursk\u00fd strak\u00e1\u010d \u010derven\u00fd Drahozal Marek &nbsp; Dygr\u00fdn Jaroslav &nbsp; [&hellip;]<\/p>\n","protected":false},"author":2,"featured_media":0,"parent":0,"menu_order":0,"comment_status":"closed","ping_status":"closed","template":"","meta":{"footnotes":""},"_links":{"self":[{"href":"https:\/\/www.zohumpolec.cz\/index.php?rest_route=\/wp\/v2\/pages\/114"}],"collection":[{"href":"https:\/\/www.zohumpolec.cz\/index.php?rest_route=\/wp\/v2\/pages"}],"about":[{"href":"https:\/\/www.zohumpolec.cz\/index.php?rest_route=\/wp\/v2\/types\/page"}],"author":[{"embeddable":true,"href":"https:\/\/www.zohumpolec.cz\/index.php?rest_route=\/wp\/v2\/users\/2"}],"replies":[{"embeddable":true,"href":"https:\/\/www.zohumpolec.cz\/index.php?rest_route=%2Fwp%2Fv2%2Fcomments&post=114"}],"version-history":[{"count":17,"href":"https:\/\/www.zohumpolec.cz\/index.php?rest_route=\/wp\/v2\/pages\/114\/revisions"}],"predecessor-version":[{"id":1184,"href":"https:\/\/www.zohumpolec.cz\/index.php?rest_route=\/wp\/v2\/pages\/114\/revisions\/1184"}],"wp:attachment":[{"href":"https:\/\/www.zohumpolec.cz\/index.php?rest_route=%2Fwp%2Fv2%2Fmedia&parent=114"}],"curies":[{"name":"wp","href":"https:\/\/api.w.org\/{rel}","templated":true}]}}