{"id":67,"date":"2011-03-31T07:47:30","date_gmt":"2011-03-31T05:47:30","guid":{"rendered":"http:\/\/www.zohumpolec.cz\/?page_id=67"},"modified":"2011-03-31T08:11:12","modified_gmt":"2011-03-31T06:11:12","slug":"navstevni-kniha-2","status":"publish","type":"page","link":"http:\/\/www.zohumpolec.cz\/?page_id=67","title":{"rendered":"N\u00e1v\u0161t\u011bvn\u00ed kniha"},"content":{"rendered":"<p><iframe loading=\"lazy\" src=\"http:\/\/www.maxsite.cz\/sluzba.php?ank=473b163c673496c13331649\"\" width=\"520\" height=\"1000\" Scrolling=\"yes\"><br \/>\n<\/iframe><\/p>\n","protected":false},"excerpt":{"rendered":"","protected":false},"author":1,"featured_media":0,"parent":0,"menu_order":0,"comment_status":"closed","ping_status":"closed","template":"","meta":{"footnotes":""},"_links":{"self":[{"href":"http:\/\/www.zohumpolec.cz\/index.php?rest_route=\/wp\/v2\/pages\/67"}],"collection":[{"href":"http:\/\/www.zohumpolec.cz\/index.php?rest_route=\/wp\/v2\/pages"}],"about":[{"href":"http:\/\/www.zohumpolec.cz\/index.php?rest_route=\/wp\/v2\/types\/page"}],"author":[{"embeddable":true,"href":"http:\/\/www.zohumpolec.cz\/index.php?rest_route=\/wp\/v2\/users\/1"}],"replies":[{"embeddable":true,"href":"http:\/\/www.zohumpolec.cz\/index.php?rest_route=%2Fwp%2Fv2%2Fcomments&post=67"}],"version-history":[{"count":8,"href":"http:\/\/www.zohumpolec.cz\/index.php?rest_route=\/wp\/v2\/pages\/67\/revisions"}],"predecessor-version":[{"id":70,"href":"http:\/\/www.zohumpolec.cz\/index.php?rest_route=\/wp\/v2\/pages\/67\/revisions\/70"}],"wp:attachment":[{"href":"http:\/\/www.zohumpolec.cz\/index.php?rest_route=%2Fwp%2Fv2%2Fmedia&parent=67"}],"curies":[{"name":"wp","href":"https:\/\/api.w.org\/{rel}","templated":true}]}}