{"id":58,"date":"2011-03-31T07:41:44","date_gmt":"2011-03-31T05:41:44","guid":{"rendered":"http:\/\/www.zohumpolec.cz\/?page_id=58"},"modified":"2012-06-05T20:23:23","modified_gmt":"2012-06-05T18:23:23","slug":"odkazy","status":"publish","type":"page","link":"http:\/\/www.zohumpolec.cz\/?page_id=58","title":{"rendered":"Odkazy"},"content":{"rendered":"<p>\u010cesk\u00fd svaz chovatel\u016f <a title=\"www.cschdz.eu\" href=\"http:\/\/www.cschdz.eu\/\" target=\"_blank\">www.cschdz.eu\/<\/a><\/p>\n<p>ZO \u010cSCH Slan\u00fd <a title=\"http:\/\/cschslany.wbs.cz\/\" href=\"http:\/\/cschslany.wbs.cz\/\" target=\"_blank\">http:\/\/cschslany.wbs.cz<\/a><\/p>\n<p>ZO \u010cSCH Uhersk\u00e9 Hradi\u0161t\u011b <a title=\"http:\/\/chovatelehradiste.webnode.cz\/\" href=\"http:\/\/chovatelehradiste.webnode.cz\/\" target=\"_blank\">chovatelehradiste.webnode.cz<\/a><\/p>\n<p>ZO \u010cSCH P\u0159ibyslav <a title=\"http:\/\/www.chov-pribyslav.webnode.cz\/\" href=\"http:\/\/www.chov-pribyslav.webnode.cz\/\" target=\"_blank\">www.chov-pribyslav.webnode.cz<\/a><\/p>\n<p><span style=\"text-decoration: underline;\">Kluby chovatel\u016f kr\u00e1l\u00edk\u016f<\/span>:<\/p>\n<p><a title=\"http:\/\/www.klubcv.wz.cz\" href=\"http:\/\/www.klubcv.wz.cz\" target=\"_blank\">www.klubcv.wz.cz<\/a><br \/>\n<a title=\"http:\/\/www.klubcv.infomi.sk\" href=\"http:\/\/www.klubcv.infomi.sk\" target=\"_blank\"> www.klubcv.infomi.sk<\/a><br \/>\n<a title=\"http:\/\/www.holandsky-kralik.wz.cz\" href=\"http:\/\/www.holandsky-kralik.wz.cz\" target=\"_blank\"> www.holandsky-kralik.wz.cz<\/a><br \/>\n<a title=\"http:\/\/www.kralikzajeci.com\" href=\"http:\/\/www.kralikzajeci.com\" target=\"_blank\"> www.kralikzajeci.com<\/a><br \/>\n<a title=\"http:\/\/www.strakaci.wz.cz\" href=\"http:\/\/www.strakaci.wz.cz\" target=\"_blank\">www.strakaci.wz.cz<\/a><br \/>\n<a title=\"http:\/\/www.klubvss.cz\" href=\"http:\/\/www.klubvss.cz\" target=\"_blank\"> www.klubvss.cz<\/a><br \/>\n<a title=\"http:\/\/www.cincilamalaadailenar.webnode.cz\" href=\"http:\/\/www.cincilamalaadailenar.webnode.cz\" target=\"_blank\">www.cincilamalaadailenar.webnode.cz<\/a><\/p>\n<p><span style=\"text-decoration: underline;\">Kluby chovatel\u016f dr\u016fbe\u017ee:<\/span><\/p>\n<p><a title=\"http:\/\/www.klubvlasek.webzdarma.cz\" href=\"http:\/\/www.klubvlasek.webzdarma.cz\" target=\"_blank\">www.klubvlasek.webzdarma.cz<\/a><br \/>\n<a title=\"http:\/\/www.ceske-slepice.eu\" href=\"http:\/\/www.ceske-slepice.eu\" target=\"_blank\"> www.ceske-slepice.eu<\/a><\/p>\n<p><span style=\"text-decoration: underline;\">Kluby chovatel\u016f holub\u016f:<\/span><\/p>\n<p><a title=\"http:\/\/www.klubbrnenskychvolacu.estranky.cz\" href=\"http:\/\/www.klubbrnenskychvolacu.estranky.cz\" target=\"_blank\">www.klubbrnenskychvolacu.estranky.cz<\/a><br \/>\n<a title=\"http:\/\/www.ceskystavak.websnadno.cz\" href=\"http:\/\/www.ceskystavak.websnadno.cz\" target=\"_blank\"> www.ceskystavak.websnadno.cz<\/a><br \/>\n<a title=\"http:\/\/www.holubrys.wz.cz\" href=\"http:\/\/www.holubrys.wz.cz\" target=\"_blank\"> www.holubrys.wz.cz<\/a><br \/>\n<a title=\"http:\/\/www.koburskyskrivani-rimani.estranky.cz\" href=\"http:\/\/www.koburskyskrivani-rimani.estranky.cz\" target=\"_blank\"> www.koburskyskrivani-rimani.estranky.cz<\/a><br \/>\n<a title=\"http:\/\/www.ostravskabagdeta.estranky.cz\" href=\"http:\/\/www.ostravskabagdeta.estranky.cz\" target=\"_blank\"> www.ostravskabagdeta.estranky.cz<\/a><br \/>\n<a title=\"http:\/\/www.volaci.unas.cz\" href=\"http:\/\/www.volaci.unas.cz\" target=\"_blank\"> www.volaci.unas.cz<\/a><br \/>\n<a title=\"http:\/\/www.prachenskykanik.estranky.cz\" href=\"http:\/\/www.prachenskykanik.estranky.cz\" target=\"_blank\"> www.prachenskykanik.estranky.cz<\/a><br \/>\n<a title=\"http:\/\/www.volaceasvatebniholubi.estranky.cz\" href=\"http:\/\/www.volaceasvatebniholubi.estranky.cz\" target=\"_blank\">www.volaceasvatebniholubi.estranky.cz<\/a><\/p>\n<p>&nbsp;<\/p>\n","protected":false},"excerpt":{"rendered":"<p>\u010cesk\u00fd svaz chovatel\u016f www.cschdz.eu\/ ZO \u010cSCH Slan\u00fd http:\/\/cschslany.wbs.cz ZO \u010cSCH Uhersk\u00e9 Hradi\u0161t\u011b chovatelehradiste.webnode.cz ZO \u010cSCH P\u0159ibyslav www.chov-pribyslav.webnode.cz Kluby chovatel\u016f kr\u00e1l\u00edk\u016f: www.klubcv.wz.cz www.klubcv.infomi.sk www.holandsky-kralik.wz.cz www.kralikzajeci.com www.strakaci.wz.cz www.klubvss.cz www.cincilamalaadailenar.webnode.cz Kluby chovatel\u016f dr\u016fbe\u017ee: www.klubvlasek.webzdarma.cz www.ceske-slepice.eu Kluby chovatel\u016f holub\u016f: www.klubbrnenskychvolacu.estranky.cz www.ceskystavak.websnadno.cz www.holubrys.wz.cz www.koburskyskrivani-rimani.estranky.cz www.ostravskabagdeta.estranky.cz www.volaci.unas.cz www.prachenskykanik.estranky.cz www.volaceasvatebniholubi.estranky.cz &nbsp;<\/p>\n","protected":false},"author":1,"featured_media":0,"parent":0,"menu_order":0,"comment_status":"closed","ping_status":"closed","template":"","meta":{"footnotes":""},"_links":{"self":[{"href":"http:\/\/www.zohumpolec.cz\/index.php?rest_route=\/wp\/v2\/pages\/58"}],"collection":[{"href":"http:\/\/www.zohumpolec.cz\/index.php?rest_route=\/wp\/v2\/pages"}],"about":[{"href":"http:\/\/www.zohumpolec.cz\/index.php?rest_route=\/wp\/v2\/types\/page"}],"author":[{"embeddable":true,"href":"http:\/\/www.zohumpolec.cz\/index.php?rest_route=\/wp\/v2\/users\/1"}],"replies":[{"embeddable":true,"href":"http:\/\/www.zohumpolec.cz\/index.php?rest_route=%2Fwp%2Fv2%2Fcomments&post=58"}],"version-history":[{"count":10,"href":"http:\/\/www.zohumpolec.cz\/index.php?rest_route=\/wp\/v2\/pages\/58\/revisions"}],"predecessor-version":[{"id":289,"href":"http:\/\/www.zohumpolec.cz\/index.php?rest_route=\/wp\/v2\/pages\/58\/revisions\/289"}],"wp:attachment":[{"href":"http:\/\/www.zohumpolec.cz\/index.php?rest_route=%2Fwp%2Fv2%2Fmedia&parent=58"}],"curies":[{"name":"wp","href":"https:\/\/api.w.org\/{rel}","templated":true}]}}