{"id":36,"date":"2011-03-30T14:41:18","date_gmt":"2011-03-30T12:41:18","guid":{"rendered":"http:\/\/www.zohumpolec.cz\/?page_id=36"},"modified":"2022-03-21T17:53:23","modified_gmt":"2022-03-21T15:53:23","slug":"kontakt","status":"publish","type":"page","link":"http:\/\/www.zohumpolec.cz\/?page_id=36","title":{"rendered":"Kontakt"},"content":{"rendered":"<p style=\"text-align: center;\"><strong>E-mailov\u00e1 schr\u00e1nka organizace:&nbsp;<\/strong>zohumpolec@email.cz<\/p>\n<p><strong><span style=\"text-decoration: underline;\">Stanislav Brde\u010dka<\/span> &#8211;<\/strong>&nbsp;p\u0159edseda, mob.:+420 723 310 633<\/p>\n<p><strong><span style=\"color: #000000; text-decoration: underline;\"><span style=\"text-decoration: underline;\">V\u00e1clav David<\/span><\/span><span style=\"color: #000000;\"> &#8211;<\/span><\/strong>&nbsp;<a href=\"mailto:david-nabytek@seznam.cz\"><span style=\"color: #000000;\">m\u00edstop\u0159edseda, <\/span>david-nabytek@seznam.cz<\/a>, mob.: +420 606 401 703<\/p>\n<p><del><strong><span style=\"text-decoration: underline;\">Josef Meloun<\/span> &#8211;<\/strong>&nbsp;spr\u00e1vce dat, <span style=\"color: #3366ff;\"><a href=\"mailto:Pepa.Meloun@seznam.cz\">Pepa.Meloun@seznam.cz<\/a><\/span>, mob.:+420&nbsp; 728 674 096<\/del><\/p>\n<p><strong><span style=\"text-decoration: underline;\">Martin M\u011bska<\/span> &#8211;<\/strong>&nbsp;<a href=\"mailto:martin.meska@seznam.cz\"><span style=\"color: #000000;\">jednatel, <\/span>martin.meska@seznam.cz<\/a>, mob.:+420 723 417 482<\/p>\n<p><strong><span style=\"text-decoration: underline;\">Pavel David<\/span>&nbsp;&#8211;<\/strong>&nbsp;registr\u00e1tor ZO, mob.: +420 775 207 428<\/p>\n<p><strong><span style=\"text-decoration: underline;\">\u0160\u00e1rka Kr\u010dilov\u00e1<\/span> &#8211;<\/strong>&nbsp;pokladn\u00ed, <a href=\"mailto:catango@seznam.cz\">catango@seznam.cz<\/a>, mob.: +420 608 130 895<\/p>\n<p><strong><span style=\"text-decoration: underline;\">Stanislav \u010cech<\/span>&nbsp;&#8211;&nbsp;<\/strong>hospod\u00e1\u0159, mob.: +420 723 105 444<\/p>\n<p>&nbsp;<\/p>\n","protected":false},"excerpt":{"rendered":"<p>E-mailov\u00e1 schr\u00e1nka organizace:&nbsp;zohumpolec@email.cz Stanislav Brde\u010dka &#8211;&nbsp;p\u0159edseda, mob.:+420 723 310 633 V\u00e1clav David &#8211;&nbsp;m\u00edstop\u0159edseda, david-nabytek@seznam.cz, mob.: +420 606 401 703 Josef Meloun &#8211;&nbsp;spr\u00e1vce dat, Pepa.Meloun@seznam.cz, mob.:+420&nbsp; 728 674 096 Martin M\u011bska &#8211;&nbsp;jednatel, martin.meska@seznam.cz, mob.:+420 723 417 482 Pavel David&nbsp;&#8211;&nbsp;registr\u00e1tor ZO, mob.: +420 775 207 428 \u0160\u00e1rka Kr\u010dilov\u00e1 &#8211;&nbsp;pokladn\u00ed, catango@seznam.cz, mob.: +420 608 130 895 Stanislav \u010cech&nbsp;&#8211;&nbsp;hospod\u00e1\u0159, [&hellip;]<\/p>\n","protected":false},"author":1,"featured_media":0,"parent":0,"menu_order":0,"comment_status":"closed","ping_status":"closed","template":"","meta":{"footnotes":""},"_links":{"self":[{"href":"http:\/\/www.zohumpolec.cz\/index.php?rest_route=\/wp\/v2\/pages\/36"}],"collection":[{"href":"http:\/\/www.zohumpolec.cz\/index.php?rest_route=\/wp\/v2\/pages"}],"about":[{"href":"http:\/\/www.zohumpolec.cz\/index.php?rest_route=\/wp\/v2\/types\/page"}],"author":[{"embeddable":true,"href":"http:\/\/www.zohumpolec.cz\/index.php?rest_route=\/wp\/v2\/users\/1"}],"replies":[{"embeddable":true,"href":"http:\/\/www.zohumpolec.cz\/index.php?rest_route=%2Fwp%2Fv2%2Fcomments&post=36"}],"version-history":[{"count":16,"href":"http:\/\/www.zohumpolec.cz\/index.php?rest_route=\/wp\/v2\/pages\/36\/revisions"}],"predecessor-version":[{"id":1158,"href":"http:\/\/www.zohumpolec.cz\/index.php?rest_route=\/wp\/v2\/pages\/36\/revisions\/1158"}],"wp:attachment":[{"href":"http:\/\/www.zohumpolec.cz\/index.php?rest_route=%2Fwp%2Fv2%2Fmedia&parent=36"}],"curies":[{"name":"wp","href":"https:\/\/api.w.org\/{rel}","templated":true}]}}